{"id":93,"date":"2012-10-10T22:58:37","date_gmt":"2012-10-10T20:58:37","guid":{"rendered":"http:\/\/diekleinenraupen-winsen.de\/blog\/?page_id=93"},"modified":"2013-01-24T23:07:51","modified_gmt":"2013-01-24T21:07:51","slug":"eingewohnung","status":"publish","type":"page","link":"http:\/\/diekleinenraupen-winsen.de\/blog\/?page_id=93","title":{"rendered":"Eingew\u00f6hnung"},"content":{"rendered":"<h3>Ohne Eltern geht es nicht!<\/h3>\n<p><span style=\"text-decoration: underline;\">Informationen zur Eingew\u00f6hnung Ihres Kindes in die Tagespflege<\/span><\/p>\n<p>Liebe Eltern!<\/p>\n<p style=\"text-align: justify;\">Ihnen f\u00e4llt es sicher schwer, sich von Ihrem Kind\u00a0 zu trennen. In dieser Phase der Ver\u00e4nderung im Leben Ihres Kindes m\u00f6chten ich Ihnen und Ihrem Kind helfen, sich an mich zu gew\u00f6hnen.<\/p>\n<p style=\"text-align: justify;\"><strong>F\u00fcr Ihr Kind sind sie als Mutter oder Vater die wichtigsten Bezugspersonen. Nur Sie k\u00f6nnen Ihrem Kind in der ersten Zeit durch Ihre Anwesenheit in der neuen Umgebung die Sicherheit geben, die es f\u00fcr seine Eingew\u00f6hnung in die Tagespflege braucht.<\/strong> Jedes Kind reagiert unterschiedlich auf ungewohnte Situationen. Das eine Kind braucht k\u00fcrzere, das andere Kind l\u00e4ngere Zeit, um sich in den neuen R\u00e4umen und unter neuen Kindern und Erwachsenen wohl zu f\u00fchlen.<\/p>\n<p style=\"text-align: justify;\">\u00a0<span style=\"text-decoration: underline;\">Nach meinen Erfahrungen hat sich folgender Ablauf f\u00fcr die Eingew\u00f6hnung in die Krippe\/Tagespflege bew\u00e4hrt:<\/span><\/p>\n<ol>\n<li>Tag<\/li>\n<\/ol>\n<p style=\"text-align: justify;\">Wenn Sie mit Ihrem Kind zum ersten Mal zu den Kleinen Raupen kommen, st\u00fcrmen sehr viele neue Eindr\u00fccke auf Ihr Kind ein. <strong>Es ist deshalb v\u00f6llig ausreichend, wenn Sie mit Ihrem Kind eine bis anderthalb Stunden bleiben.<\/strong> Im Aufnahmegespr\u00e4ch legen wir die optimale Zeit f\u00fcr Ihr Kind fest. Dies kann vormittags oder auch nachmittags sein. Beobachten Sie Ihr Kind und warten Sie, bis es Interesse an der neuen Umgebung zeigt. Ihr Kind hat die F\u00e4higkeit, Sie als \u201eSicheren Hafen\u201c zu benutzen, von dem aus es neue Bindungen aufbaut.<\/p>\n<p style=\"text-align: justify;\">\u00a0\u00a0\u00a0\u00a0\u00a0\u00a0\u00a0\u00a0\u00a0\u00a0\u00a0\u00a0\u00a0\u00a0\u00a0\u00a0\u00a0\u00a0\u00a0\u00a0\u00a0\u00a0\u00a0\u00a0\u00a0\u00a0\u00a0\u00a0\u00a0\u00a0\u00a0\u00a0\u00a0\u00a0\u00a0\u00a0\u00a0\u00a0\u00a0\u00a0\u00a0\u00a0\u00a0\u00a0\u00a0\u00a0 Kind<\/p>\n<p style=\"text-align: justify;\">\u00a0\u00a0 \u00a0 \u00a0 \u00a0 \u00a0 \u00a0 \u00a0 \u00a0 \u00a0 \u00a0 \u00a0 \u00a0Mutter \u00a0 \u00a0 \u00a0 \u00a0 \u00a0 \u00a0 \u00a0 \u00a0 \u00a0 \u00a0 \u00a0 \u00a0 \u00a0 \u00a0 \u00a0 \u00a0 \u00a0Tagesmutter<\/p>\n<ol style=\"text-align: justify;\" start=\"2\">\n<li>Tag<\/li>\n<\/ol>\n<p style=\"text-align: justify;\">M\u00f6glichst zum gleichen Zeitpunkt wie am Vortag kommen Sie mit Ihrem Kind wieder zu Besuch in die Gruppe. Auch dieses Mal reicht die Dauer von ungef\u00e4hr einer Stunde, damit Ihr Kind mit Ihnen gemeinsam neue Eindr\u00fccke sammeln kann. <strong>Bitte bleiben Sie Beobachter und werden Sie nicht zum Spielpartner in der Gruppe.<\/strong><\/p>\n<ol style=\"text-align: justify;\" start=\"3\">\n<li>Tag<\/li>\n<\/ol>\n<p style=\"text-align: justify;\">Es h\u00e4ngt von sehr vielen Faktoren ab, wie schnell sich Ihr Kind \u00a0eingew\u00f6hnt. Um herauszufinden, wie lange die Eingew\u00f6hnungszeit wohl dauern wird, machen wir am dritten Tag einen ersten kurzen Trennungsversuch. <strong>Bitte schleichen Sie sich nicht heraus<\/strong>, sondern verabschieden Sie sich von Ihrem Kind, z.B. \u201e Ich gehe auf Toilette\u201c oder \u201e Ich komme gleich wieder\u201c. Warten Sie dann nicht auf die Reaktion Ihres Kindes, auch wenn Ihnen dies schwer f\u00e4llt. Verlassen Sie gleich nach der Verabschiedung den Raum und warten einen kleinen Moment in der Garderobe. ( max. zehn Minuten) Verlassen Sie nicht das Haus! Sollte Ihr Kind\u00a0 zu weinen beginnen, werde ich versuchen es zu tr\u00f6sten. Beruhigt sich Ihr Kind nach kurzer Zeit nicht, werden Sie sofort wieder in die Gruppe geholt.<\/p>\n<ol style=\"text-align: justify;\" start=\"4\">\n<li>Tag<\/li>\n<\/ol>\n<p style=\"text-align: justify;\">Nur wenn Ihr Kind sich beim Trennungsversuch am dritten Tag von mir hat tr\u00f6sten lassen, gehen wir davon aus, dass die Trennungszeit Ihres Kindes erweitert wird. Auch in diesem Fall bleibt Ihre Anwesenheit in der Tagespflege notwendig, damit ich Sie bei Bedarf holen k\u00f6nnen. Sie sollten z. B. dabei sein, wenn das Kind am Mittagessen teilnimmt. Wenn Ihr Kind sich beim ersten Trennungsversuch am Vortag\u00a0 nicht tr\u00f6sten lies, sollten Sie mit Ihrem Kind weiterhin gemeinsam am Gruppengeschehen teilnehmen, es in der Tagespflege wickeln und f\u00fcttern bzw. es in Ihrem Beisein am Mittagessen teilnehmen lassen. Danach gehen Sie gemeinsam mit Ihrem Kind nach Hause. Lassen Sie sich nicht entmutigen! Ihr Kind braucht noch etwas Zeit!<\/p>\n<ol style=\"text-align: justify;\" start=\"5\">\n<li>Tag<\/li>\n<\/ol>\n<p style=\"text-align: justify;\">Wenn der f\u00fcnfte Tag ein Montag ist, sollten Sie an diesem Tag keinen Trennungsversuch unternehmen. Ihr Kind muss sich nach dem Wochenende erst wieder eingew\u00f6hnen. Kommen Sie wie an den vorherigen Tagen zur gleichen Uhrzeit, aber verl\u00e4ngern die Dauer Ihres Aufenthaltes. Hat Ihr Kind den ersten Trennungsversuch gut \u00fcberstanden, werden an den darauf folgenden Tagen (vierter\u00a0und f\u00fcnfter Tag) die Trennungsversuche wiederholt und die Dauer erweitert.<\/p>\n<ol style=\"text-align: justify;\" start=\"6\">\n<li>Tag<\/li>\n<\/ol>\n<p style=\"text-align: justify;\">Montags nie! Wenn zwischen Ihrem heutigen und dem letzten Besuch kein Wochenende liegt, k\u00f6nnen Sie den Trennungszeitraum schon erweitern. Wenn dieser Tag allerdings auf einen Montag f\u00e4llt, sollte an diesem Tag kein Trennungsversuch stattfinden. Wenn Ihr Kind sich von mir tr\u00f6sten l\u00e4sst, dann k\u00f6nnen Sie schon \u00fcber einen l\u00e4ngeren Zeitraum Ihr Kind alleine bei mir lassen.. -&gt; Seien Sie aber w\u00e4hrend dieser Zeit telefonisch erreichbar.<\/p>\n<p style=\"text-align: justify;\">Wenn Ihr Kind sich nicht von uns tr\u00f6sten l\u00e4sst, bleiben Sie weiterhin gemeinsam\u00a0mit Ihrem Kind in der Gruppe. Ihr Kind braucht noch Zeit. In beiden F\u00e4llen gehen Sie am besten nach dem Mittagessen mit Ihrem Kind wieder nach Hause.<\/p>\n<p style=\"text-align: justify;\">Auch wenn Ihr Kind in der zweiten Woche ohne gr\u00f6\u00dfere Probleme alleine in der Krippe bleibt, sollten Sie es nach einem halben Tag, um die Mittagszeit, abholen. Erfahrungsgem\u00e4\u00df k\u00f6nnen Kinder eine schrittweise Eingew\u00f6hnung am besten verkraften, d.h. eine allm\u00e4hliche Steigerung der Anwesenheitszeit.<\/p>\n<p style=\"text-align: justify;\">Nach Absprache mit mir werden Situationen, wie z.B. das Schlafen, den Bed\u00fcrfnissen Ihres Kindes entsprechend gehandhabt.<\/p>\n<p style=\"text-align: justify;\">Wie wichtig eine intensive Eingew\u00f6hnung an die neue Bezugsperson ist, haben langj\u00e4hrige wissenschaftliche Untersuchungen in Berlin gezeigt (&#8222;Berliner Eingew\u00f6hnungsmodell&#8220;). Kinder, die ohne Eingew\u00f6hnung in die Krippe kamen, wurden erheblich \u00f6fter krank als die Kinder, die sich mit Hilfe ihrer Eltern an die Krippe gew\u00f6hnen konnten.<\/p>\n<blockquote>\n<p style=\"text-align: justify;\">Gipfelst\u00fcrmer brauchen ein Basislager<\/p>\n<\/blockquote>\n<p style=\"text-align: justify;\">Und nur wenn das Kind sich gut an die neue Bezugsperson gebunden hat, hat es die Sicherheit seine Umwelt zu entdecken, zu lernen, Erfahrungen zu machen, sich zu bilden!<\/p>\n<blockquote>\n<p style=\"text-align: justify;\">Ich freue mich auf Sie und auf Ihr Kind!<\/p>\n<\/blockquote>\n<p style=\"text-align: justify;\">Planen Sie bitte zwei bis vier Wochen Zeit f\u00fcr die Eingew\u00f6hnung Ihres Kindes ein. Alles weitere besprechen wir im Aufnahmegespr\u00e4ch!<\/p>\n","protected":false},"excerpt":{"rendered":"<p>Ohne Eltern geht es nicht! Informationen zur Eingew\u00f6hnung Ihres Kindes in die Tagespflege Liebe Eltern! Ihnen f\u00e4llt es sicher schwer, sich von Ihrem Kind\u00a0 zu trennen. In dieser Phase der Ver\u00e4nderung im Leben Ihres Kindes m\u00f6chten ich Ihnen und Ihrem&hellip;<\/p>\n<p class=\"more-link-p\"><a class=\"more-link\" href=\"http:\/\/diekleinenraupen-winsen.de\/blog\/?page_id=93\">Weiter lesen \u2192<\/a><\/p>\n","protected":false},"author":2,"featured_media":0,"parent":0,"menu_order":0,"comment_status":"closed","ping_status":"open","template":"","meta":[],"_links":{"self":[{"href":"http:\/\/diekleinenraupen-winsen.de\/blog\/index.php?rest_route=\/wp\/v2\/pages\/93"}],"collection":[{"href":"http:\/\/diekleinenraupen-winsen.de\/blog\/index.php?rest_route=\/wp\/v2\/pages"}],"about":[{"href":"http:\/\/diekleinenraupen-winsen.de\/blog\/index.php?rest_route=\/wp\/v2\/types\/page"}],"author":[{"embeddable":true,"href":"http:\/\/diekleinenraupen-winsen.de\/blog\/index.php?rest_route=\/wp\/v2\/users\/2"}],"replies":[{"embeddable":true,"href":"http:\/\/diekleinenraupen-winsen.de\/blog\/index.php?rest_route=%2Fwp%2Fv2%2Fcomments&post=93"}],"version-history":[{"count":8,"href":"http:\/\/diekleinenraupen-winsen.de\/blog\/index.php?rest_route=\/wp\/v2\/pages\/93\/revisions"}],"predecessor-version":[{"id":128,"href":"http:\/\/diekleinenraupen-winsen.de\/blog\/index.php?rest_route=\/wp\/v2\/pages\/93\/revisions\/128"}],"wp:attachment":[{"href":"http:\/\/diekleinenraupen-winsen.de\/blog\/index.php?rest_route=%2Fwp%2Fv2%2Fmedia&parent=93"}],"curies":[{"name":"wp","href":"https:\/\/api.w.org\/{rel}","templated":true}]}}