{"id":91,"date":"2012-10-10T22:57:52","date_gmt":"2012-10-10T20:57:52","guid":{"rendered":"http:\/\/diekleinenraupen-winsen.de\/blog\/?page_id=91"},"modified":"2019-11-29T23:19:11","modified_gmt":"2019-11-29T21:19:11","slug":"tagesablauf","status":"publish","type":"page","link":"http:\/\/diekleinenraupen-winsen.de\/blog\/?page_id=91","title":{"rendered":"Tagesablauf"},"content":{"rendered":"<p>Ein strukturierter Tagesablauf und immer wieder kehrende Rituale geben den Kindern Sicherheit und Orientierung!<\/p>\n<p>Hier ein Einblick in unseren Tag:<\/p>\n<h3>7.00 \u2013 8.00h \u00a0 \u00a0 Fr\u00fchdienst<\/h3>\n<p>(Meine eigenen Kinder werden in den Kindergarten\/ Schule gebracht. Je nach Wetterlage mit dem Auto oder zu Fu\u00df\/Buggy)<\/p>\n<h3>8.00 \u2013 8.30h \u00a0 \u00a0 Bringezeit<\/h3>\n<p>(Die Kinder werden gebracht, erstes Spielen, kuscheln, lesen, Fr\u00fchst\u00fccksvorbereitung.)<\/p>\n<h3>8.30 \u2013 9.00h \u00a0 \u00a0 \u00a0Fr\u00fchst\u00fcckszeit<\/h3>\n<h3>9.00 \u2013 11.00h \u00a0 \u00a0 Angebot\/Freispiel drinnen und drau\u00dfen<\/h3>\n<h3>11.00 \u2013 11.30h \u00a0 \u00a0Reingehen, Ausziehen, Wickeln, H\u00e4ndewaschen, Mittagsvorbereitung<\/h3>\n<h3>11.30 \u2013 12.00h \u00a0 Mittagessen<\/h3>\n<h3>12.00 \u2013 12.15h \u00a0 Kinder \u201ebettfertig\u201c machen<\/h3>\n<h3>12.30 \u2013~14.00h \u00a0Mittagsschlaf<\/h3>\n<h3>14.30 \u2013 15.00h \u00a0 \u201eSchmausepause\u201c (Nachmittagssnack)<\/h3>\n<h3>15.00 \u2013 16.30h \u00a0 Freispiel drinnen oder drau\u00dfen, Abholzeit<\/h3>\n<p>Der Tagesablauf kann auch mal variieren, wenn wir z.B. gerade in ein spannendes Spiel vertieft sind, vom Ausflug noch nicht zur\u00fcck sind, oder wir einfach mal l\u00e4nger schlafen m\u00f6chten.<\/p>\n","protected":false},"excerpt":{"rendered":"<p>Ein strukturierter Tagesablauf und immer wieder kehrende Rituale geben den Kindern Sicherheit und Orientierung! Hier ein Einblick in unseren Tag: 7.00 \u2013 8.00h \u00a0 \u00a0 Fr\u00fchdienst (Meine eigenen Kinder werden in den Kindergarten\/ Schule gebracht. Je nach Wetterlage mit dem&hellip;<\/p>\n<p class=\"more-link-p\"><a class=\"more-link\" href=\"http:\/\/diekleinenraupen-winsen.de\/blog\/?page_id=91\">Weiter lesen \u2192<\/a><\/p>\n","protected":false},"author":2,"featured_media":0,"parent":0,"menu_order":0,"comment_status":"closed","ping_status":"open","template":"","meta":[],"_links":{"self":[{"href":"http:\/\/diekleinenraupen-winsen.de\/blog\/index.php?rest_route=\/wp\/v2\/pages\/91"}],"collection":[{"href":"http:\/\/diekleinenraupen-winsen.de\/blog\/index.php?rest_route=\/wp\/v2\/pages"}],"about":[{"href":"http:\/\/diekleinenraupen-winsen.de\/blog\/index.php?rest_route=\/wp\/v2\/types\/page"}],"author":[{"embeddable":true,"href":"http:\/\/diekleinenraupen-winsen.de\/blog\/index.php?rest_route=\/wp\/v2\/users\/2"}],"replies":[{"embeddable":true,"href":"http:\/\/diekleinenraupen-winsen.de\/blog\/index.php?rest_route=%2Fwp%2Fv2%2Fcomments&post=91"}],"version-history":[{"count":10,"href":"http:\/\/diekleinenraupen-winsen.de\/blog\/index.php?rest_route=\/wp\/v2\/pages\/91\/revisions"}],"predecessor-version":[{"id":590,"href":"http:\/\/diekleinenraupen-winsen.de\/blog\/index.php?rest_route=\/wp\/v2\/pages\/91\/revisions\/590"}],"wp:attachment":[{"href":"http:\/\/diekleinenraupen-winsen.de\/blog\/index.php?rest_route=%2Fwp%2Fv2%2Fmedia&parent=91"}],"curies":[{"name":"wp","href":"https:\/\/api.w.org\/{rel}","templated":true}]}}