{"id":81,"date":"2012-10-10T22:52:20","date_gmt":"2012-10-10T20:52:20","guid":{"rendered":"http:\/\/diekleinenraupen-winsen.de\/blog\/?page_id=81"},"modified":"2019-11-29T23:18:29","modified_gmt":"2019-11-29T21:18:29","slug":"wer-wir-sind-wer-wir-sind-bei-den-kleinen-raupen-handelt-es-sich-um-eine-kindertagespflegestelle-mein-name-ist-nadine-vos-ich-bin-33-jahre-alt-von-beruf-bin-ich-staatlich-anerkannte-erzieherin-un","status":"publish","type":"page","link":"http:\/\/diekleinenraupen-winsen.de\/blog\/?page_id=81","title":{"rendered":"Wer wir sind"},"content":{"rendered":"<p style=\"text-align: justify;\">Bei den Kleinen Raupen handelt es sich um eine Kindertagespflegestelle.<\/p>\n<p style=\"text-align: justify;\">Mein Name ist Nadine Lemke. Ich bin\u00a040 Jahre alt. Von Beruf bin ich staatlich anerkannte Erzieherin &#8211;\u00a0und nun auch Tagesmutter!<\/p>\n<p style=\"text-align: justify;\">Ich betreue bis zu f\u00fcnf Kinder zwischen einem und drei Jahren.\u00a0Die Betreuung findet bei mir zuhause statt:<\/p>\n<p style=\"text-align: justify;\">In unserem Haus habe ich zwei sch\u00f6ne R\u00e4ume f\u00fcr die Tageskinder hergerichtet. Es gibt einen separaten Schlafraum mit verschiedenen Schlafm\u00f6glichkeiten.<\/p>\n<p style=\"text-align: justify;\">Im hellen Spielzimmer gibt es jede Menge zu entdecken! Durch den integrierten Wickelplatz muss ich nicht den Raum verlassen, um ein Kind zu wickeln. Die Kinder k\u00f6nnen selber auf den Wickeltisch klettern und nach dem Wickeln runter rutschen. Im gro\u00dfen Spielzeugregal befinden sich die Spielsachen. Duplosteine, Rasseln, B\u00fccher, Holzbausteine, Autos und vieles mehr gibt es zu entdecken. Das momentane Highlight im Spielzimmer ist der kleine Herd und das dazugeh\u00f6rige K\u00fcchengeschirr. Hier wird flei\u00dfig gekocht und die Kinder sind oft damit besch\u00e4ftigt, den Tisch zu decken. Die Mahlzeiten werden direkt im Spielzimmer eingenommen. Daf\u00fcr gibt es einen Tisch und St\u00fchle in Kinderh\u00f6he.\u00a0 Ebenso finden im Spielzimmer die p\u00e4dagogischen Aktivit\u00e4ten statt. Wir matschen, malen, kneten, schneiden, h\u00f6ren zu, lauschen, machen mit, lachen, schauen zu, helfen, kuscheln, versuchen es selbst!<\/p>\n<p style=\"text-align: justify;\">W\u00e4hrend der Sommerzeit\u00a0 werden wir viel Zeit drau\u00dfen verbringen. (Etwas weniger zur kalten Jahreszeit) Die Mahlzeiten k\u00f6nnen dann z.B. am Kindertisch eingenommen werden.<\/p>\n<p style=\"text-align: justify;\">In unserem kleinen, aber feinen Garten gibt es viel zu entdecken. Am Sandtisch wird gesiebt, gematscht und geschaufelt.\u00a0An der Kinderk\u00fcche wird der Sand weiter verarbeitet.\u00a0\u00a0Verschiedene Fahrzeuge, wie Bobby Car, Puky Wutsch oder Laufrad stehen auch zur Verf\u00fcgung. Im Sommer bzw. Fr\u00fchjahr werde ich gemeinsam mit den Kindern Obst und Gem\u00fcse anpflanzen. Daf\u00fcr gibt es ein separates Beet f\u00fcr die Tageskinder. Dort k\u00f6nnen wir beobachten, wie z.B. aus einer Kartoffel ganz viele Kartoffeln werden.<\/p>\n<p style=\"text-align: justify;\">Die Umgebung in Roydorf ist f\u00fcr die Kinder aufregend. Wir besuchen das H\u00e4ngebauchschwein Lisa, die K\u00fche und Pferde in der n\u00e4heren Umgebung und die H\u00fchner- deren Eier wir auch regelm\u00e4\u00dfig essen.<\/p>\n","protected":false},"excerpt":{"rendered":"<p>Bei den Kleinen Raupen handelt es sich um eine Kindertagespflegestelle. Mein Name ist Nadine Lemke. Ich bin\u00a040 Jahre alt. Von Beruf bin ich staatlich anerkannte Erzieherin &#8211;\u00a0und nun auch Tagesmutter! Ich betreue bis zu f\u00fcnf Kinder zwischen einem und drei&hellip;<\/p>\n<p class=\"more-link-p\"><a class=\"more-link\" href=\"http:\/\/diekleinenraupen-winsen.de\/blog\/?page_id=81\">Weiter lesen \u2192<\/a><\/p>\n","protected":false},"author":2,"featured_media":0,"parent":0,"menu_order":0,"comment_status":"closed","ping_status":"open","template":"","meta":[],"_links":{"self":[{"href":"http:\/\/diekleinenraupen-winsen.de\/blog\/index.php?rest_route=\/wp\/v2\/pages\/81"}],"collection":[{"href":"http:\/\/diekleinenraupen-winsen.de\/blog\/index.php?rest_route=\/wp\/v2\/pages"}],"about":[{"href":"http:\/\/diekleinenraupen-winsen.de\/blog\/index.php?rest_route=\/wp\/v2\/types\/page"}],"author":[{"embeddable":true,"href":"http:\/\/diekleinenraupen-winsen.de\/blog\/index.php?rest_route=\/wp\/v2\/users\/2"}],"replies":[{"embeddable":true,"href":"http:\/\/diekleinenraupen-winsen.de\/blog\/index.php?rest_route=%2Fwp%2Fv2%2Fcomments&post=81"}],"version-history":[{"count":13,"href":"http:\/\/diekleinenraupen-winsen.de\/blog\/index.php?rest_route=\/wp\/v2\/pages\/81\/revisions"}],"predecessor-version":[{"id":589,"href":"http:\/\/diekleinenraupen-winsen.de\/blog\/index.php?rest_route=\/wp\/v2\/pages\/81\/revisions\/589"}],"wp:attachment":[{"href":"http:\/\/diekleinenraupen-winsen.de\/blog\/index.php?rest_route=%2Fwp%2Fv2%2Fmedia&parent=81"}],"curies":[{"name":"wp","href":"https:\/\/api.w.org\/{rel}","templated":true}]}}