{"id":66,"date":"2012-10-01T21:38:29","date_gmt":"2012-10-01T19:38:29","guid":{"rendered":"http:\/\/diekleinenraupen-winsen.de\/blog\/?page_id=66"},"modified":"2019-11-29T23:16:02","modified_gmt":"2019-11-29T21:16:02","slug":"uber-mich","status":"publish","type":"page","link":"http:\/\/diekleinenraupen-winsen.de\/blog\/?page_id=66","title":{"rendered":"\u00dcber mich"},"content":{"rendered":"<h1><a name=\"uebermich\"><\/a><\/h1>\n<div id=\"idTextPanel\">\n<p style=\"text-align: justify;\">Hallo!\u00a0Mein Name ist Nadine Lemke.<\/p>\n<p style=\"text-align: justify;\">Mit meinen beiden S\u00f6hnen 2007 und 2011 geboren, wohne ich in Winsen\/Luhe.<\/p>\n<p style=\"text-align: justify;\">Ich wurde 1979 geboren und hatte eine gl\u00fcckliche Kindheit, da gibt es nichts zu meckern. Meine Mutter hat lange Zeit nicht gearbeitet um sich ganz um meinen Bruder und mich zu k\u00fcmmern. Mit vier Jahren kam ich auch erst in den Kindergarten, einfach weil alle Kinder gingen. Aus mir wurde ein vern\u00fcnftiges junges M\u00e4dchen.<\/p>\n<p style=\"text-align: justify;\">1996 begann ich in L\u00fcneburg die Ausbildung zur Erzieherin. Der Wunsch mit Kindern zu arbeiten hatte sich in den Jahren vor der Ausbildung immer mehr gefestigt. Nach dem Abschluss 2000 habe ich bis zum Jahr 2009 in Schwarzenbek als Erzieherin gearbeitet. Dort habe ich unter anderem 6 Jahre lang die Familiengruppe geleitet. (Altersgruppe 1-6 Jahre). In der Zwischenzeit habe ich meinen ersten Sohn geboren. Als er in die Krippe kam, habe ich in eine Kita in Hamburg gewechselt. Und ich habe als Mutter erfahren, wie es sich anf\u00fchlt das eigene Kind in fremde H\u00e4nde zu geben. F\u00fcr mich ist es sehr\u00a0 wichtig, zu der Erzieherin meines Kindes einen guten Kontakt zu haben. Schlie\u00dflich \u00fcbertr\u00e4gt sich das gute oder schlechte Gef\u00fchl auch auf das Kind.<\/p>\n<p style=\"text-align: justify;\">2010 zogen wir von Hamburg nach Winsen. Im Februar 2011 wurde dann mein zweiter Sohn geboren.<\/p>\n<p style=\"text-align: justify;\">Als mein j\u00fcngster Sohn\u00a013 Monate alt war, fing ich (schweren Herzens &#8211; denn das Loch im Portmonee wurde immer gr\u00f6\u00dfer) wieder an zu arbeiten und gab meinen Sohn in die Krippe. Mit gaaaaaaaaanz viel Gl\u00fcck haben wir tats\u00e4chlich einen Krippenplatz bekommen. Ich hatte mir die Betreuung bei einer Tagesmutter gew\u00fcnscht, weil ich denke, dass die Betreuung von maximal 5 Kindern meinem Sohn sehr zugute gekommen w\u00e4re. Leider passten die Betreuungszeiten der Tagesmutter nicht zu meinen Arbeitszeiten.<\/p>\n<p style=\"text-align: justify;\">W\u00e4hrend der letzten Monate wuchs in mir immer mehr der Wunsch, mehr Zeit mit meinen Kindern zu verbringen. Ich wollte meine Priorit\u00e4ten anders setzen. Als Tagesmutter kann ich das. Ich kann immer noch Erzieherin sein, denn ich liebe meinen Beruf und die Arbeit mit Kindern. Ich kann etwas \u201eEigenes\u201c auf die Beine stellen. Ich kann f\u00fcr meinen gro\u00dfen Sohn da sein, der bald in die Schule kommt und so nicht in den Hort muss.<\/p>\n<p style=\"text-align: justify;\">Und ich kann den Eltern und Kindern geben, was ich mir selber von einer guten Krippe bzw. Tagesmutter\u00a0 w\u00fcnsche!<\/p>\n<ul style=\"text-align: justify;\">\n<li>Mehr unter <a href=\"#wichtig\">\u201eWas mir wichtig ist\u201c<\/a><\/li>\n<\/ul>\n<div style=\"text-align: justify;\"><\/div>\n<h1 style=\"text-align: justify;\">\u00a0<a name=\"beruflicherwerdegang\"><\/a><strong>Beruflicher Werdegang<\/strong><\/h1>\n<p>01.08.19 &#8211; 31.12.19 Erzieherin in der DRK-Kita Scharmbeck (Krippe)<\/p>\n<\/div>\n<div>\n<p>01. 01.13 &#8211; 31.07.19 Tagesmutter bei den Kleinen Raupen<\/p>\n<p>16.04.12 \u2013 31.10.12 Erzieherin in der DRK-Kita Uhlenhorst in Stelle (Krippe)<\/p>\n<p>15.02.10 \u2013 31.03.12 Erzieherin im Kinderladen Kind und Kegel e.V. Hamburg (Krippe)<\/p>\n<p>15.08.09 \u2013 14.02.10 Springerin in 6 H\u00e4usern des ASB Hamburg<\/p>\n<p>( Redderbarg, Opitzstra\u00dfe, Pillauer Stra\u00dfe, Augustenpassage,<\/p>\n<p>Koppelstieg, Burgwedel)<\/p>\n<p>01.10.03 \u2013 14-08.09 Erzieherin in der Familienganztagesgruppe der ASB Kita Konfetti\u00a0in Schwarzenbek<\/p>\n<p>01.08.01 \u2013 30.09.03 Erzieherin im Hort der ASB Kita Konfetti in Schwarzenbek<\/p>\n<p>15.11.00 \u2013 31.07.01 Vertretungskraft in der ASB Kita Konfetti in Schwarzenbek<\/p>\n<p>07.08.00 \u2013 31.10.00 Kinderanimateurin bei TransEuropa Reisen Hannover<\/p>\n<p>(1-2-Fly) auf der Insel Ibiza<\/p>\n<h3>\u00a0Berufliche Ausbildung<\/h3>\n<p>1998 \u2013 2000 Fachschule Sozialp\u00e4dagogik L\u00fcneburg mit<\/p>\n<p>Erwerb des Abschlusses \u201eStaatlich anerkannte<\/p>\n<p>Erzieherin\u201c sowie Fachhochschulreife ( Note 2,8 )<\/p>\n<p>1996 \u2013 1998 Berufsfachschule Sozialassistent\/in L\u00fcneburg mit<\/p>\n<p>Erwerb des Abschluss \u201e Staatlich anerkannte\u00a0Sozialassistentin\u201c<\/p>\n<\/div>\n<h1><a name=\"fachlichequalifikation\"><\/a><strong>Fachliche Qualifikation<\/strong><\/h1>\n<div id=\"idTextPanel\">\n<p>Meine stetige Weiterbildung ist mir sehr wichtig. Auch ich lerne nicht aus!<\/p>\n<p>Daher nehme ich auch weiterhin an Fortbildungen teil.<\/p>\n<p>Diese Fortbildungen und Ausbildungen zum Thema Kleinkindp\u00e4dagogik habe ich in den letzten Jahren besucht:<\/p>\n<p><strong>Fachliche Qualifikation<\/strong><\/p>\n<ul>\n<li>Wie sag ich\u2019s den Eltern? Elterngespr\u00e4che f\u00fchren (C.Scherwath)<\/li>\n<li>Bildung in der Krippe (H. Schaller)<\/li>\n<li>Arbeit mit Kleinkindern (C. v. Dieken)<\/li>\n<li>Mit den Kleinsten in Kontakt: Handling, Massage, Spiel \u2013 und<\/li>\n<li>Bildungsanregungen f\u00fcr Kinder unter 3 Jahren (M.Klein, U. Reissenauer)<\/li>\n<li>Fachtagung \u201eFit und Pfiffig\u201c Kinder bewegen unsere Zukunft<\/li>\n<li>Erste Hilfe am Kind (29.01.2012)<\/li>\n<li>Portfolio in der Krippe (21.02.2012)<\/li>\n<li>Hochbegabte Kinder-eine Herausforderung im p\u00e4dagogischen Alltag (08.02.2014)<\/li>\n<li>Hochsensible Kinder erkennen, verstehen und begleiten (08.+09.03.2014)<\/li>\n<li>Alltagsintegrierte Sprachf\u00f6rderung (25.04.2015)<\/li>\n<li>Kinder im Wald (12.05.2015)<\/li>\n<li>Abschied von den Tageskindern (05.10.2015)<\/li>\n<li>Die Schnullerbande-Bewegungsf\u00f6rderung f\u00fcr Kinder unter 3 Jahren (28.+29.11.2015)<\/li>\n<li>Drau\u00dfen sein mit Kindern und 3 Jahren (16.04.2016)<\/li>\n<li>Kinder psychisch kranker Eltern (09.+10.11.2017)<\/li>\n<li>Lernwerkstatt in der Krippe (13.03.2018)<\/li>\n<\/ul>\n<p><strong>Weiterbildung<\/strong><\/p>\n<ul>\n<li>Weiterbildung zur Fachkraft f\u00fcr Natur-und Waldp\u00e4dagogik (September 2018-August 2019)<\/li>\n<li>Weiterbildung zur Fachkraft f\u00fcr Kleinstkindp\u00e4dagogik<\/li>\n<li>(P\u00e4dagogisch-Therapeutisches Fachzentrum Hamburg)<\/li>\n<li>Basiskurs zur Tagesmutterqualifikation beim Landfrauenverein Buchholz \u00a0 \u00a0 \u00a0 \u00a0 \u00a0 \u00a0 (01.+02.12.12)<\/li>\n<\/ul>\n<h1><a name=\"wichtig\"><\/a><strong>Was mir wichtig ist..<\/strong><\/h1>\n<div>\n<div id=\"idTextPanel\">\n<p style=\"text-align: justify;\">Ich lege sehr viel Wert auf eine gute Eingew\u00f6hnung. F\u00fcr das jeweilige Kind ist es von gro\u00dfer Bedeutung, ob es sicher an eine neue Bezugsperson gebunden ist. Egal, ob es traurig ist, gl\u00fccklich, Hilfe braucht, eine Frage hat, oder einfach nur kuscheln m\u00f6chte, das alles geht nur, wenn das Kind Vertrauen zu mir hat.<\/p>\n<p>Ich m\u00f6chte mit den Eltern in einem stetigen Austausch sein, denn ich wei\u00df selber wie es sich anf\u00fchlt, wenn man das Kind aus der Krippe abholt und nicht wei\u00df, wie der Tag des Kindes verlaufen ist. Wenn ich auf Augenh\u00f6he mit den Eltern bin, profitiert davon auch ihr Kind. Die Eltern sind nicht zuletzt die \u201eExperten des Kindes\u201c. Sie wissen, was ihrem Kind gut tut.<\/p>\n<p>Es ist mir wichtig, den Kindern vielf\u00e4ltige Bewegungsm\u00f6glichkeiten zu erm\u00f6glichen- drinnen wie drau\u00dfen, gesunde Ern\u00e4hrung zu leben oder Entspannungsm\u00f6glichkeiten zu bieten. Ich m\u00f6chte den Kindern Dinge erm\u00f6glichen, die sie zuhause vielleicht nie tun werden, wie z.B. in Rasierschaum zu baden, mit den H\u00e4nden und F\u00fc\u00dfen zu malen oder in einem Kastanienbad liegen.<\/p>\n<p>Es ist mir wichtig, jedes Kind zu beobachten und entsprechend seines Entwicklungstandes zu begleiten und zu f\u00f6rdern. Nach dem Motto \u201eGras w\u00e4chst auch nicht schneller, wenn man daran zieht!\u201c wei\u00df ich, dass jedes Kind sein eigenes Tempo hat! Das darf man nicht vergessen!<\/p>\n<p>Durch meine zw\u00f6lf Jahre Berufserfahrung und die verschiedenen Fortbildungen und vor allem durch meine eigenen Kinder habe ich gelernt, dass es zu jedem Thema mehrere Meinungen gibt. Ich m\u00f6chte meine Meinung nicht durch boxen, aber den Eltern z.B. aufzeigen, dass es auch noch andere M\u00f6glichkeiten gibt. So versuche ich bei den Kindern immer zu erkennen, warum sie etwas tun. Wenn z.B. Kind 1 ein anderes Kind geschubst hat, kann das zum einen sein, weil Kind 1 sich so versucht auszudr\u00fccken, weil es das sprachlich noch nicht kann. Oder Kind 2 hat vorher etwas getan, was Kind 1 gest\u00f6rt hat. Ich m\u00f6chte mich viel auf der Ebene der Kinder aufhalten, um sie zu beobachten, zu verstehen, ihnen Bildungs-und Lernanregungen zu erm\u00f6glichen.<\/p>\n<p>Und bei den ganzen p\u00e4dagogischen Aspekten stehen nat\u00fcrlich der Spa\u00df und das Wohlbefinden der Kinder im Vordergrund!<\/p>\n<div><\/div>\n<\/div>\n<\/div>\n<\/div>\n","protected":false},"excerpt":{"rendered":"<p>Hallo!\u00a0Mein Name ist Nadine Lemke. Mit meinen beiden S\u00f6hnen 2007 und 2011 geboren, wohne ich in Winsen\/Luhe. Ich wurde 1979 geboren und hatte eine gl\u00fcckliche Kindheit, da gibt es nichts zu meckern. Meine Mutter hat lange Zeit nicht gearbeitet um&hellip;<\/p>\n<p class=\"more-link-p\"><a class=\"more-link\" href=\"http:\/\/diekleinenraupen-winsen.de\/blog\/?page_id=66\">Weiter lesen \u2192<\/a><\/p>\n","protected":false},"author":2,"featured_media":0,"parent":0,"menu_order":0,"comment_status":"closed","ping_status":"open","template":"","meta":[],"_links":{"self":[{"href":"http:\/\/diekleinenraupen-winsen.de\/blog\/index.php?rest_route=\/wp\/v2\/pages\/66"}],"collection":[{"href":"http:\/\/diekleinenraupen-winsen.de\/blog\/index.php?rest_route=\/wp\/v2\/pages"}],"about":[{"href":"http:\/\/diekleinenraupen-winsen.de\/blog\/index.php?rest_route=\/wp\/v2\/types\/page"}],"author":[{"embeddable":true,"href":"http:\/\/diekleinenraupen-winsen.de\/blog\/index.php?rest_route=\/wp\/v2\/users\/2"}],"replies":[{"embeddable":true,"href":"http:\/\/diekleinenraupen-winsen.de\/blog\/index.php?rest_route=%2Fwp%2Fv2%2Fcomments&post=66"}],"version-history":[{"count":26,"href":"http:\/\/diekleinenraupen-winsen.de\/blog\/index.php?rest_route=\/wp\/v2\/pages\/66\/revisions"}],"predecessor-version":[{"id":587,"href":"http:\/\/diekleinenraupen-winsen.de\/blog\/index.php?rest_route=\/wp\/v2\/pages\/66\/revisions\/587"}],"wp:attachment":[{"href":"http:\/\/diekleinenraupen-winsen.de\/blog\/index.php?rest_route=%2Fwp%2Fv2%2Fmedia&parent=66"}],"curies":[{"name":"wp","href":"https:\/\/api.w.org\/{rel}","templated":true}]}}